{"id":2355,"date":"2025-12-10T13:36:26","date_gmt":"2025-12-10T12:36:26","guid":{"rendered":"https:\/\/wp25.infokom.de\/?page_id=2355"},"modified":"2025-12-10T13:52:59","modified_gmt":"2025-12-10T12:52:59","slug":"blog-archiv","status":"publish","type":"page","link":"https:\/\/infokom.de\/en\/blog-archiv\/","title":{"rendered":"Blog Archiv"},"content":{"rendered":"<div data-elementor-type=\"wp-page\" data-elementor-id=\"2355\" class=\"elementor elementor-2355\" data-elementor-post-type=\"page\">\n\t\t\t\t<div class=\"elementor-element elementor-element-a64ab17 e-flex e-con-boxed e-con e-parent\" data-id=\"a64ab17\" data-element_type=\"container\" data-e-type=\"container\">\n\t\t\t\t\t<div class=\"e-con-inner\">\n\t\t\t\t<div class=\"elementor-element elementor-element-d82595e elementor-grid-3 elementor-grid-tablet-2 elementor-grid-mobile-1 elementor-posts--thumbnail-top elementor-posts--show-avatar elementor-card-shadow-yes elementor-posts__hover-gradient elementor-widget elementor-widget-posts\" data-id=\"d82595e\" data-element_type=\"widget\" data-e-type=\"widget\" data-settings=\"{&quot;cards_masonry&quot;:&quot;yes&quot;,&quot;pagination_type&quot;:&quot;numbers_and_prev_next&quot;,&quot;cards_columns&quot;:&quot;3&quot;,&quot;cards_columns_tablet&quot;:&quot;2&quot;,&quot;cards_columns_mobile&quot;:&quot;1&quot;,&quot;cards_row_gap&quot;:{&quot;unit&quot;:&quot;px&quot;,&quot;size&quot;:35,&quot;sizes&quot;:[]},&quot;cards_row_gap_tablet&quot;:{&quot;unit&quot;:&quot;px&quot;,&quot;size&quot;:&quot;&quot;,&quot;sizes&quot;:[]},&quot;cards_row_gap_mobile&quot;:{&quot;unit&quot;:&quot;px&quot;,&quot;size&quot;:&quot;&quot;,&quot;sizes&quot;:[]}}\" data-widget_type=\"posts.cards\">\n\t\t\t\t<div class=\"elementor-widget-container\">\n\t\t\t\t\t\t\t<div class=\"elementor-posts-container elementor-posts elementor-posts--skin-cards elementor-grid\" role=\"list\">\n\t\t\t\t<article class=\"elementor-post elementor-grid-item post-3170 post type-post status-publish format-standard hentry category-allgemein\" role=\"listitem\">\n\t\t\t<div class=\"elementor-post__card\">\n\t\t\t\t<div class=\"elementor-post__text\">\n\t\t\t\t<h3 class=\"elementor-post__title\">\n\t\t\t<a href=\"https:\/\/infokom.de\/en\/wie-hausarzt-pflege-und-technik-zusammenwirken\/\" >\n\t\t\t\tWie Hausarzt, Pflege und Technik zusammenwirken\t\t\t<\/a>\n\t\t<\/h3>\n\t\t\t\t<div class=\"elementor-post__excerpt\">\n\t\t\t<p>Dr. med. Michael Lerch \u00fcber den ganzheitlichen Ansatz des Projektes \u201eLuP-Regio\u201c zur Sicherung der Gesundheitsversorgung im l\u00e4ndlichen Raum Was sich in der medizinischen Versorgung auf<\/p>\n\t\t<\/div>\n\t\t\n\t\t<a class=\"elementor-post__read-more\" href=\"https:\/\/infokom.de\/en\/wie-hausarzt-pflege-und-technik-zusammenwirken\/\" aria-label=\"Read more about Wie Hausarzt, Pflege und Technik zusammenwirken\" tabindex=\"-1\" >\n\t\t\tWeiterlesen \u00bb\t\t<\/a>\n\n\t\t\t\t<\/div>\n\t\t\t\t<div class=\"elementor-post__meta-data\">\n\t\t\t\t\t<span class=\"elementor-post-date\">\n\t\t\t4. February 2026\t\t<\/span>\n\t\t\t\t<span class=\"elementor-post-avatar\">\n\t\t\tNo Comments\t\t<\/span>\n\t\t\t\t<\/div>\n\t\t\t\t\t<\/div>\n\t\t<\/article>\n\t\t\t\t<article class=\"elementor-post elementor-grid-item post-2339 post type-post status-publish format-standard has-post-thumbnail hentry category-allgemein\" role=\"listitem\">\n\t\t\t<div class=\"elementor-post__card\">\n\t\t\t\t<a class=\"elementor-post__thumbnail__link\" href=\"https:\/\/infokom.de\/en\/zweiter-dermatologennachmittag-in-2025\/\" tabindex=\"-1\" ><div class=\"elementor-post__thumbnail\"><img fetchpriority=\"high\" decoding=\"async\" width=\"300\" height=\"212\" src=\"https:\/\/infokom.de\/wp-content\/uploads\/2025\/09\/Flyer_20250909100845_01-scaled-1-300x212.jpg\" class=\"attachment-medium size-medium wp-image-2341\" alt=\"\" srcset=\"https:\/\/infokom.de\/wp-content\/uploads\/2025\/09\/Flyer_20250909100845_01-scaled-1-300x212.jpg 300w, https:\/\/infokom.de\/wp-content\/uploads\/2025\/09\/Flyer_20250909100845_01-scaled-1-1024x724.jpg 1024w, https:\/\/infokom.de\/wp-content\/uploads\/2025\/09\/Flyer_20250909100845_01-scaled-1-768x543.jpg 768w, https:\/\/infokom.de\/wp-content\/uploads\/2025\/09\/Flyer_20250909100845_01-scaled-1-1536x1086.jpg 1536w, https:\/\/infokom.de\/wp-content\/uploads\/2025\/09\/Flyer_20250909100845_01-scaled-1-2048x1448.jpg 2048w\" sizes=\"(max-width: 300px) 100vw, 300px\" \/><\/div><\/a>\n\t\t\t\t<div class=\"elementor-post__badge\">Allgemein<\/div>\n\t\t\t\t<div class=\"elementor-post__avatar\">\n\t\t\t<img alt='test-admin' src='https:\/\/secure.gravatar.com\/avatar\/02ef3e147950d3df8df6bb4216083c945dd7474d267ef8e516592ca31162ab76?s=128&#038;d=mm&#038;r=g' srcset='https:\/\/secure.gravatar.com\/avatar\/02ef3e147950d3df8df6bb4216083c945dd7474d267ef8e516592ca31162ab76?s=256&#038;d=mm&#038;r=g 2x' class='avatar avatar-128 photo' height='128' width='128' \/>\t\t<\/div>\n\t\t\t\t<div class=\"elementor-post__text\">\n\t\t\t\t<h3 class=\"elementor-post__title\">\n\t\t\t<a href=\"https:\/\/infokom.de\/en\/zweiter-dermatologennachmittag-in-2025\/\" >\n\t\t\t\tZweiter Dermatologennachmittag in 2025\t\t\t<\/a>\n\t\t<\/h3>\n\t\t\t\t<div class=\"elementor-post__excerpt\">\n\t\t\t<p>Themen: Dermatoonkologie, Tropenmedizin, Kasuistiken, Morbidit\u00e4ts- &amp; Mortalit\u00e4tskonferenz sowie Qualit\u00e4tszirkel<\/p>\n\t\t<\/div>\n\t\t\n\t\t<a class=\"elementor-post__read-more\" href=\"https:\/\/infokom.de\/en\/zweiter-dermatologennachmittag-in-2025\/\" aria-label=\"Read more about Zweiter Dermatologennachmittag in 2025\" tabindex=\"-1\" >\n\t\t\tWeiterlesen \u00bb\t\t<\/a>\n\n\t\t\t\t<\/div>\n\t\t\t\t<div class=\"elementor-post__meta-data\">\n\t\t\t\t\t<span class=\"elementor-post-date\">\n\t\t\t19. September 2025\t\t<\/span>\n\t\t\t\t<span class=\"elementor-post-avatar\">\n\t\t\tNo Comments\t\t<\/span>\n\t\t\t\t<\/div>\n\t\t\t\t\t<\/div>\n\t\t<\/article>\n\t\t\t\t<article class=\"elementor-post elementor-grid-item post-2139 post type-post status-publish format-standard has-post-thumbnail hentry category-allgemein\" role=\"listitem\">\n\t\t\t<div class=\"elementor-post__card\">\n\t\t\t\t<a class=\"elementor-post__thumbnail__link\" href=\"https:\/\/infokom.de\/en\/telemedizinische-nachsorge-von-patientinnen-mit-hauterkrankungen\/\" tabindex=\"-1\" ><div class=\"elementor-post__thumbnail\"><img decoding=\"async\" width=\"300\" height=\"163\" src=\"https:\/\/infokom.de\/wp-content\/uploads\/2022\/09\/prof_Juenger-1024x555-1-1-300x163.png\" class=\"attachment-medium size-medium wp-image-2141\" alt=\"\" srcset=\"https:\/\/infokom.de\/wp-content\/uploads\/2022\/09\/prof_Juenger-1024x555-1-1-300x163.png 300w, https:\/\/infokom.de\/wp-content\/uploads\/2022\/09\/prof_Juenger-1024x555-1-1-768x416.png 768w, https:\/\/infokom.de\/wp-content\/uploads\/2022\/09\/prof_Juenger-1024x555-1-1.png 1024w\" sizes=\"(max-width: 300px) 100vw, 300px\" \/><\/div><\/a>\n\t\t\t\t<div class=\"elementor-post__badge\">Allgemein<\/div>\n\t\t\t\t<div class=\"elementor-post__avatar\">\n\t\t\t<img alt='test-admin' src='https:\/\/secure.gravatar.com\/avatar\/02ef3e147950d3df8df6bb4216083c945dd7474d267ef8e516592ca31162ab76?s=128&#038;d=mm&#038;r=g' srcset='https:\/\/secure.gravatar.com\/avatar\/02ef3e147950d3df8df6bb4216083c945dd7474d267ef8e516592ca31162ab76?s=256&#038;d=mm&#038;r=g 2x' class='avatar avatar-128 photo' height='128' width='128' \/>\t\t<\/div>\n\t\t\t\t<div class=\"elementor-post__text\">\n\t\t\t\t<h3 class=\"elementor-post__title\">\n\t\t\t<a href=\"https:\/\/infokom.de\/en\/telemedizinische-nachsorge-von-patientinnen-mit-hauterkrankungen\/\" >\n\t\t\t\tTelemedizinische Nachsorge von Patient*innen mit Hauterkrankungen,\t\t\t<\/a>\n\t\t<\/h3>\n\t\t\t\t<div class=\"elementor-post__excerpt\">\n\t\t\t<p>Zusammenfassung: Hintergrund: Verbesserte Technologien, ein erh\u00f6hter Bedarf an medizinischer Versorgung sowie der Mangel an Fachkr\u00e4ften sorgen f\u00fcr eine steigende Bedeutung telemedizinischer Anwendungen. Dabei eignet sich<\/p>\n\t\t<\/div>\n\t\t\n\t\t<a class=\"elementor-post__read-more\" href=\"https:\/\/infokom.de\/en\/telemedizinische-nachsorge-von-patientinnen-mit-hauterkrankungen\/\" aria-label=\"Read more about Telemedizinische Nachsorge von Patient*innen mit Hauterkrankungen,\" tabindex=\"-1\" >\n\t\t\tWeiterlesen \u00bb\t\t<\/a>\n\n\t\t\t\t<\/div>\n\t\t\t\t<div class=\"elementor-post__meta-data\">\n\t\t\t\t\t<span class=\"elementor-post-date\">\n\t\t\t23. September 2022\t\t<\/span>\n\t\t\t\t<span class=\"elementor-post-avatar\">\n\t\t\tNo Comments\t\t<\/span>\n\t\t\t\t<\/div>\n\t\t\t\t\t<\/div>\n\t\t<\/article>\n\t\t\t\t<article class=\"elementor-post elementor-grid-item post-1839 post type-post status-publish format-standard has-post-thumbnail hentry category-allgemein category-mobil-skin\" role=\"listitem\">\n\t\t\t<div class=\"elementor-post__card\">\n\t\t\t\t<a class=\"elementor-post__thumbnail__link\" href=\"https:\/\/infokom.de\/en\/dermatoskopiekurs-herbst-2020\/\" tabindex=\"-1\" ><div class=\"elementor-post__thumbnail\"><img decoding=\"async\" width=\"300\" height=\"212\" src=\"https:\/\/infokom.de\/wp-content\/uploads\/2020\/09\/Flyer_Hautkrebsfrueherkennung__24102020_s2-1-300x212.jpg\" class=\"attachment-medium size-medium wp-image-1841\" alt=\"\" srcset=\"https:\/\/infokom.de\/wp-content\/uploads\/2020\/09\/Flyer_Hautkrebsfrueherkennung__24102020_s2-1-300x212.jpg 300w, https:\/\/infokom.de\/wp-content\/uploads\/2020\/09\/Flyer_Hautkrebsfrueherkennung__24102020_s2-1-1024x723.jpg 1024w, https:\/\/infokom.de\/wp-content\/uploads\/2020\/09\/Flyer_Hautkrebsfrueherkennung__24102020_s2-1-768x542.jpg 768w, https:\/\/infokom.de\/wp-content\/uploads\/2020\/09\/Flyer_Hautkrebsfrueherkennung__24102020_s2-1.jpg 1204w\" sizes=\"(max-width: 300px) 100vw, 300px\" \/><\/div><\/a>\n\t\t\t\t<div class=\"elementor-post__badge\">Allgemein<\/div>\n\t\t\t\t<div class=\"elementor-post__avatar\">\n\t\t\t<img alt='test-admin' src='https:\/\/secure.gravatar.com\/avatar\/02ef3e147950d3df8df6bb4216083c945dd7474d267ef8e516592ca31162ab76?s=128&#038;d=mm&#038;r=g' srcset='https:\/\/secure.gravatar.com\/avatar\/02ef3e147950d3df8df6bb4216083c945dd7474d267ef8e516592ca31162ab76?s=256&#038;d=mm&#038;r=g 2x' class='avatar avatar-128 photo' height='128' width='128' \/>\t\t<\/div>\n\t\t\t\t<div class=\"elementor-post__text\">\n\t\t\t\t<h3 class=\"elementor-post__title\">\n\t\t\t<a href=\"https:\/\/infokom.de\/en\/dermatoskopiekurs-herbst-2020\/\" >\n\t\t\t\tDermatoskopiekurs &#8211; Herbst 2020\t\t\t<\/a>\n\t\t<\/h3>\n\t\t\t\t<div class=\"elementor-post__excerpt\">\n\t\t\t<p>Die Klinik und Poliklinik f\u00fcr Hautkrankheiten in Greifswald l\u00e4dt herzlich zum Dermatoskopiekurs am 24.10.2020 ein. Die Veranstaltung beginnt um 9:00 Uhr und findet als Pr\u00e4senzveranstaltung<\/p>\n\t\t<\/div>\n\t\t\n\t\t<a class=\"elementor-post__read-more\" href=\"https:\/\/infokom.de\/en\/dermatoskopiekurs-herbst-2020\/\" aria-label=\"Read more about Dermatoskopiekurs &#8211; Herbst 2020\" tabindex=\"-1\" >\n\t\t\tWeiterlesen \u00bb\t\t<\/a>\n\n\t\t\t\t<\/div>\n\t\t\t\t<div class=\"elementor-post__meta-data\">\n\t\t\t\t\t<span class=\"elementor-post-date\">\n\t\t\t21. September 2020\t\t<\/span>\n\t\t\t\t<span class=\"elementor-post-avatar\">\n\t\t\tNo Comments\t\t<\/span>\n\t\t\t\t<\/div>\n\t\t\t\t\t<\/div>\n\t\t<\/article>\n\t\t\t\t<article class=\"elementor-post elementor-grid-item post-1819 post type-post status-publish format-standard has-post-thumbnail hentry category-allgemein category-kongresse category-mobil-skin\" role=\"listitem\">\n\t\t\t<div class=\"elementor-post__card\">\n\t\t\t\t<a class=\"elementor-post__thumbnail__link\" href=\"https:\/\/infokom.de\/en\/teledermatologie-ist-fuer-den-telemedizinpreis-2020-nominiert\/\" tabindex=\"-1\" ><div class=\"elementor-post__thumbnail\"><img loading=\"lazy\" decoding=\"async\" width=\"300\" height=\"163\" src=\"https:\/\/infokom.de\/wp-content\/uploads\/2020\/01\/11.Nationaler-Fachkongress-Telemedizin-1-300x163.jpg\" class=\"attachment-medium size-medium wp-image-1821\" alt=\"\" srcset=\"https:\/\/infokom.de\/wp-content\/uploads\/2020\/01\/11.Nationaler-Fachkongress-Telemedizin-1-300x163.jpg 300w, https:\/\/infokom.de\/wp-content\/uploads\/2020\/01\/11.Nationaler-Fachkongress-Telemedizin-1-1024x555.jpg 1024w, https:\/\/infokom.de\/wp-content\/uploads\/2020\/01\/11.Nationaler-Fachkongress-Telemedizin-1-768x416.jpg 768w, https:\/\/infokom.de\/wp-content\/uploads\/2020\/01\/11.Nationaler-Fachkongress-Telemedizin-1.jpg 1088w\" sizes=\"(max-width: 300px) 100vw, 300px\" \/><\/div><\/a>\n\t\t\t\t<div class=\"elementor-post__badge\">Allgemein<\/div>\n\t\t\t\t<div class=\"elementor-post__avatar\">\n\t\t\t<img alt='test-admin' src='https:\/\/secure.gravatar.com\/avatar\/02ef3e147950d3df8df6bb4216083c945dd7474d267ef8e516592ca31162ab76?s=128&#038;d=mm&#038;r=g' srcset='https:\/\/secure.gravatar.com\/avatar\/02ef3e147950d3df8df6bb4216083c945dd7474d267ef8e516592ca31162ab76?s=256&#038;d=mm&#038;r=g 2x' class='avatar avatar-128 photo' height='128' width='128' \/>\t\t<\/div>\n\t\t\t\t<div class=\"elementor-post__text\">\n\t\t\t\t<h3 class=\"elementor-post__title\">\n\t\t\t<a href=\"https:\/\/infokom.de\/en\/teledermatologie-ist-fuer-den-telemedizinpreis-2020-nominiert\/\" >\n\t\t\t\tTeleDermatologie ist f\u00fcr den Telemedizinpreis 2020 nominiert\t\t\t<\/a>\n\t\t<\/h3>\n\t\t\t\t<div class=\"elementor-post__excerpt\">\n\t\t\t<p>Unser Telemedizinprojekt TeleDermatologie, Allgemein-, Fach- und Notfallmedizin im l\u00e4ndlichen Raum am Beispiel Dermatologie mit den Partnern Universit\u00e4tsmedizin Greifswald, Techniker Krankenkasse und das Institut f\u00fcr angewandte<\/p>\n\t\t<\/div>\n\t\t\n\t\t<a class=\"elementor-post__read-more\" href=\"https:\/\/infokom.de\/en\/teledermatologie-ist-fuer-den-telemedizinpreis-2020-nominiert\/\" aria-label=\"Read more about TeleDermatologie ist f\u00fcr den Telemedizinpreis 2020 nominiert\" tabindex=\"-1\" >\n\t\t\tWeiterlesen \u00bb\t\t<\/a>\n\n\t\t\t\t<\/div>\n\t\t\t\t<div class=\"elementor-post__meta-data\">\n\t\t\t\t\t<span class=\"elementor-post-date\">\n\t\t\t15. January 2020\t\t<\/span>\n\t\t\t\t<span class=\"elementor-post-avatar\">\n\t\t\tNo Comments\t\t<\/span>\n\t\t\t\t<\/div>\n\t\t\t\t\t<\/div>\n\t\t<\/article>\n\t\t\t\t<article class=\"elementor-post elementor-grid-item post-1483 post type-post status-publish format-standard has-post-thumbnail hentry category-mobil-skin category-telemedizin category-publikation category-print\" role=\"listitem\">\n\t\t\t<div class=\"elementor-post__card\">\n\t\t\t\t<a class=\"elementor-post__thumbnail__link\" href=\"https:\/\/infokom.de\/en\/artikelveroeffentlichung-der-hautarzt\/\" tabindex=\"-1\" ><div class=\"elementor-post__thumbnail\"><img loading=\"lazy\" decoding=\"async\" width=\"150\" height=\"199\" src=\"https:\/\/infokom.de\/wp-content\/uploads\/2019\/05\/der-Hautarzt-5_2019-1.jpg\" class=\"attachment-medium size-medium wp-image-2348\" alt=\"\" \/><\/div><\/a>\n\t\t\t\t<div class=\"elementor-post__badge\">Mobil Skin<\/div>\n\t\t\t\t<div class=\"elementor-post__avatar\">\n\t\t\t<img alt='test-admin' src='https:\/\/secure.gravatar.com\/avatar\/02ef3e147950d3df8df6bb4216083c945dd7474d267ef8e516592ca31162ab76?s=128&#038;d=mm&#038;r=g' srcset='https:\/\/secure.gravatar.com\/avatar\/02ef3e147950d3df8df6bb4216083c945dd7474d267ef8e516592ca31162ab76?s=256&#038;d=mm&#038;r=g 2x' class='avatar avatar-128 photo' height='128' width='128' \/>\t\t<\/div>\n\t\t\t\t<div class=\"elementor-post__text\">\n\t\t\t\t<h3 class=\"elementor-post__title\">\n\t\t\t<a href=\"https:\/\/infokom.de\/en\/artikelveroeffentlichung-der-hautarzt\/\" >\n\t\t\t\tArtikelver\u00f6ffentlichung &#8222;Der Hautarzt&#8220;\t\t\t<\/a>\n\t\t<\/h3>\n\t\t\t\t<div class=\"elementor-post__excerpt\">\n\t\t\t<p>Das Hauptziel bestand in der Realisierung einer teledermatologischen Patientenbetreuung f\u00fcr die Behandlung von hauterkrankten Patienten in strukturschwachen Regionen am Beispiel von Mecklenburg-Vorpommern (MV) durch den Auf- und Ausbau telemedizinischer Strukturen.<\/p>\n\t\t<\/div>\n\t\t\n\t\t<a class=\"elementor-post__read-more\" href=\"https:\/\/infokom.de\/en\/artikelveroeffentlichung-der-hautarzt\/\" aria-label=\"Read more about Artikelver\u00f6ffentlichung &#8222;Der Hautarzt&#8220;\" tabindex=\"-1\" >\n\t\t\tWeiterlesen \u00bb\t\t<\/a>\n\n\t\t\t\t<\/div>\n\t\t\t\t<div class=\"elementor-post__meta-data\">\n\t\t\t\t\t<span class=\"elementor-post-date\">\n\t\t\t17. May 2019\t\t<\/span>\n\t\t\t\t<span class=\"elementor-post-avatar\">\n\t\t\tNo Comments\t\t<\/span>\n\t\t\t\t<\/div>\n\t\t\t\t\t<\/div>\n\t\t<\/article>\n\t\t\t\t<article class=\"elementor-post elementor-grid-item post-57 post type-post status-publish format-standard has-post-thumbnail hentry category-allgemein\" role=\"listitem\">\n\t\t\t<div class=\"elementor-post__card\">\n\t\t\t\t<a class=\"elementor-post__thumbnail__link\" href=\"https:\/\/infokom.de\/en\/deutscher-mobilitaetspreis-2017-inreakt-als-leuchtturmprojekt-fuer-intelligente-mobilitaet-ausgezeichnet\/\" tabindex=\"-1\" ><div class=\"elementor-post__thumbnail\"><img loading=\"lazy\" decoding=\"async\" width=\"300\" height=\"103\" src=\"https:\/\/infokom.de\/wp-content\/uploads\/2019\/04\/mobilitaetspreis-300x103-1.png\" class=\"attachment-medium size-medium wp-image-58\" alt=\"\" \/><\/div><\/a>\n\t\t\t\t<div class=\"elementor-post__badge\">Allgemein<\/div>\n\t\t\t\t<div class=\"elementor-post__avatar\">\n\t\t\t<img alt='test-admin' src='https:\/\/secure.gravatar.com\/avatar\/02ef3e147950d3df8df6bb4216083c945dd7474d267ef8e516592ca31162ab76?s=128&#038;d=mm&#038;r=g' srcset='https:\/\/secure.gravatar.com\/avatar\/02ef3e147950d3df8df6bb4216083c945dd7474d267ef8e516592ca31162ab76?s=256&#038;d=mm&#038;r=g 2x' class='avatar avatar-128 photo' height='128' width='128' \/>\t\t<\/div>\n\t\t\t\t<div class=\"elementor-post__text\">\n\t\t\t\t<h3 class=\"elementor-post__title\">\n\t\t\t<a href=\"https:\/\/infokom.de\/en\/deutscher-mobilitaetspreis-2017-inreakt-als-leuchtturmprojekt-fuer-intelligente-mobilitaet-ausgezeichnet\/\" >\n\t\t\t\tDeutscher Mobilit\u00e4tspreis 2017: InREAKT als Leuchtturmprojekt f\u00fcr intelligente Mobilit\u00e4t ausgezeichnet\t\t\t<\/a>\n\t\t<\/h3>\n\t\t\t\t<div class=\"elementor-post__excerpt\">\n\t\t\t<p>Die Initiative \u201eDeutschland \u2013 Land der Ideen\u201c und das Bundesministerium f\u00fcr Verkehr und digitale Infrastruktur geben zehn herausragende digitale Innovationen f\u00fcr eine sichere Mobilit\u00e4t bekannt<\/p>\n\t\t<\/div>\n\t\t\n\t\t<a class=\"elementor-post__read-more\" href=\"https:\/\/infokom.de\/en\/deutscher-mobilitaetspreis-2017-inreakt-als-leuchtturmprojekt-fuer-intelligente-mobilitaet-ausgezeichnet\/\" aria-label=\"Read more about Deutscher Mobilit\u00e4tspreis 2017: InREAKT als Leuchtturmprojekt f\u00fcr intelligente Mobilit\u00e4t ausgezeichnet\" tabindex=\"-1\" >\n\t\t\tWeiterlesen \u00bb\t\t<\/a>\n\n\t\t\t\t<\/div>\n\t\t\t\t<div class=\"elementor-post__meta-data\">\n\t\t\t\t\t<span class=\"elementor-post-date\">\n\t\t\t12. October 2017\t\t<\/span>\n\t\t\t\t<span class=\"elementor-post-avatar\">\n\t\t\tNo Comments\t\t<\/span>\n\t\t\t\t<\/div>\n\t\t\t\t\t<\/div>\n\t\t<\/article>\n\t\t\t\t<article class=\"elementor-post elementor-grid-item post-1647 post type-post status-publish format-standard has-post-thumbnail hentry category-allgemein\" role=\"listitem\">\n\t\t\t<div class=\"elementor-post__card\">\n\t\t\t\t<a class=\"elementor-post__thumbnail__link\" href=\"https:\/\/infokom.de\/en\/application-of-information-and-communication-technologies-for-diabetes-management-in-africa-2\/\" tabindex=\"-1\" ><div class=\"elementor-post__thumbnail\"><img loading=\"lazy\" decoding=\"async\" width=\"300\" height=\"225\" src=\"https:\/\/infokom.de\/wp-content\/uploads\/2015\/12\/mDiab_Congo-1-300x225.png\" class=\"attachment-medium size-medium wp-image-2349\" alt=\"\" srcset=\"https:\/\/infokom.de\/wp-content\/uploads\/2015\/12\/mDiab_Congo-1-300x225.png 300w, https:\/\/infokom.de\/wp-content\/uploads\/2015\/12\/mDiab_Congo-1-1024x767.png 1024w, https:\/\/infokom.de\/wp-content\/uploads\/2015\/12\/mDiab_Congo-1-768x575.png 768w, https:\/\/infokom.de\/wp-content\/uploads\/2015\/12\/mDiab_Congo-1.png 1268w\" sizes=\"(max-width: 300px) 100vw, 300px\" \/><\/div><\/a>\n\t\t\t\t<div class=\"elementor-post__badge\">Allgemein<\/div>\n\t\t\t\t<div class=\"elementor-post__avatar\">\n\t\t\t<img alt='test-admin' src='https:\/\/secure.gravatar.com\/avatar\/02ef3e147950d3df8df6bb4216083c945dd7474d267ef8e516592ca31162ab76?s=128&#038;d=mm&#038;r=g' srcset='https:\/\/secure.gravatar.com\/avatar\/02ef3e147950d3df8df6bb4216083c945dd7474d267ef8e516592ca31162ab76?s=256&#038;d=mm&#038;r=g 2x' class='avatar avatar-128 photo' height='128' width='128' \/>\t\t<\/div>\n\t\t\t\t<div class=\"elementor-post__text\">\n\t\t\t\t<h3 class=\"elementor-post__title\">\n\t\t\t<a href=\"https:\/\/infokom.de\/en\/application-of-information-and-communication-technologies-for-diabetes-management-in-africa-2\/\" >\n\t\t\t\tApplication of information and communication technologies for diabetes management in Africa\t\t\t<\/a>\n\t\t<\/h3>\n\t\t\t\t<div class=\"elementor-post__excerpt\">\n\t\t\t<p>Claude TAKENGA, Jo\u00ebl KITERO, Vira PENGHELE, Kahindo FURAHA, Henri TAKENGA and Rolf-Dietrich BERNDT Like all chronic diseases, the incidence of diabetes is increasing in Africa.<\/p>\n\t\t<\/div>\n\t\t\n\t\t<a class=\"elementor-post__read-more\" href=\"https:\/\/infokom.de\/en\/application-of-information-and-communication-technologies-for-diabetes-management-in-africa-2\/\" aria-label=\"Read more about Application of information and communication technologies for diabetes management in Africa\" tabindex=\"-1\" >\n\t\t\tWeiterlesen \u00bb\t\t<\/a>\n\n\t\t\t\t<\/div>\n\t\t\t\t<div class=\"elementor-post__meta-data\">\n\t\t\t\t\t<span class=\"elementor-post-date\">\n\t\t\t8. December 2015\t\t<\/span>\n\t\t\t\t<span class=\"elementor-post-avatar\">\n\t\t\tNo Comments\t\t<\/span>\n\t\t\t\t<\/div>\n\t\t\t\t\t<\/div>\n\t\t<\/article>\n\t\t\t\t<article class=\"elementor-post elementor-grid-item post-1646 post type-post status-publish format-standard has-post-thumbnail hentry category-inreakt\" role=\"listitem\">\n\t\t\t<div class=\"elementor-post__card\">\n\t\t\t\t<a class=\"elementor-post__thumbnail__link\" href=\"https:\/\/infokom.de\/en\/inreakt-workshop-2015-in-duesseldorf\/\" tabindex=\"-1\" ><div class=\"elementor-post__thumbnail\"><img loading=\"lazy\" decoding=\"async\" width=\"300\" height=\"103\" src=\"https:\/\/infokom.de\/wp-content\/uploads\/2019\/04\/Logo_InREAKT_rgb-1-300x103.png\" class=\"attachment-medium size-medium wp-image-2353\" alt=\"\" srcset=\"https:\/\/infokom.de\/wp-content\/uploads\/2019\/04\/Logo_InREAKT_rgb-1-300x103.png 300w, https:\/\/infokom.de\/wp-content\/uploads\/2019\/04\/Logo_InREAKT_rgb-1-1024x350.png 1024w, https:\/\/infokom.de\/wp-content\/uploads\/2019\/04\/Logo_InREAKT_rgb-1-768x263.png 768w, https:\/\/infokom.de\/wp-content\/uploads\/2019\/04\/Logo_InREAKT_rgb-1-1536x525.png 1536w, https:\/\/infokom.de\/wp-content\/uploads\/2019\/04\/Logo_InREAKT_rgb-1.png 1731w\" sizes=\"(max-width: 300px) 100vw, 300px\" \/><\/div><\/a>\n\t\t\t\t<div class=\"elementor-post__badge\">InREAKT<\/div>\n\t\t\t\t<div class=\"elementor-post__avatar\">\n\t\t\t<img alt='test-admin' src='https:\/\/secure.gravatar.com\/avatar\/02ef3e147950d3df8df6bb4216083c945dd7474d267ef8e516592ca31162ab76?s=128&#038;d=mm&#038;r=g' srcset='https:\/\/secure.gravatar.com\/avatar\/02ef3e147950d3df8df6bb4216083c945dd7474d267ef8e516592ca31162ab76?s=256&#038;d=mm&#038;r=g 2x' class='avatar avatar-128 photo' height='128' width='128' \/>\t\t<\/div>\n\t\t\t\t<div class=\"elementor-post__text\">\n\t\t\t\t<h3 class=\"elementor-post__title\">\n\t\t\t<a href=\"https:\/\/infokom.de\/en\/inreakt-workshop-2015-in-duesseldorf\/\" >\n\t\t\t\tInREAKT-Workshop 2015 in D\u00fcsseldorf\t\t\t<\/a>\n\t\t<\/h3>\n\t\t\t\t<div class=\"elementor-post__excerpt\">\n\t\t\t<p>Neue Technologien zur Bew\u00e4ltigungsicherheitsrelevanter Vorf\u00e4lle im \u00d6PNV 14. Oktober 2015, D\u00fcsseldorf Neue Kommunikationstechnologien f\u00fcr Sicherheitsdienste<\/p>\n\t\t<\/div>\n\t\t\n\t\t<a class=\"elementor-post__read-more\" href=\"https:\/\/infokom.de\/en\/inreakt-workshop-2015-in-duesseldorf\/\" aria-label=\"Read more about InREAKT-Workshop 2015 in D\u00fcsseldorf\" tabindex=\"-1\" >\n\t\t\tWeiterlesen \u00bb\t\t<\/a>\n\n\t\t\t\t<\/div>\n\t\t\t\t<div class=\"elementor-post__meta-data\">\n\t\t\t\t\t<span class=\"elementor-post-date\">\n\t\t\t29. October 2015\t\t<\/span>\n\t\t\t\t<span class=\"elementor-post-avatar\">\n\t\t\tNo Comments\t\t<\/span>\n\t\t\t\t<\/div>\n\t\t\t\t\t<\/div>\n\t\t<\/article>\n\t\t\t\t<\/div>\n\t\t\n\t\t\t\t<div class=\"e-load-more-anchor\" data-page=\"1\" data-max-page=\"4\" data-next-page=\"https:\/\/infokom.de\/en\/?e-page-d82595e=2\"><\/div>\n\t\t\t\t<nav class=\"elementor-pagination\" aria-label=\"Pagination\">\n\t\t\t<span class=\"page-numbers prev\">&laquo; Voriger<\/span>\n<span aria-current=\"page\" class=\"page-numbers current\"><span class=\"elementor-screen-only\">Page<\/span>1<\/span>\n<a class=\"page-numbers\" href=\"https:\/\/infokom.de\/en\/wp-json\/wp\/v2\/pages\/2355\/?e-page-d82595e=2\"><span class=\"elementor-screen-only\">Page<\/span>2<\/a>\n<a class=\"page-numbers\" href=\"https:\/\/infokom.de\/en\/wp-json\/wp\/v2\/pages\/2355\/?e-page-d82595e=3\"><span class=\"elementor-screen-only\">Page<\/span>3<\/a>\n<a class=\"page-numbers\" href=\"https:\/\/infokom.de\/en\/wp-json\/wp\/v2\/pages\/2355\/?e-page-d82595e=4\"><span class=\"elementor-screen-only\">Page<\/span>4<\/a>\n<a class=\"page-numbers next\" href=\"https:\/\/infokom.de\/en\/?e-page-d82595e=2\">N\u00e4chster &raquo;<\/a>\t\t<\/nav>\n\t\t\t\t\t\t<\/div>\n\t\t\t\t<\/div>\n\t\t\t\t\t<\/div>\n\t\t\t\t<\/div>\n\t\t\t\t<\/div>","protected":false},"excerpt":{"rendered":"","protected":false},"author":1,"featured_media":0,"parent":0,"menu_order":0,"comment_status":"closed","ping_status":"closed","template":"elementor_header_footer","meta":{"footnotes":""},"class_list":["post-2355","page","type-page","status-publish","hentry"],"_links":{"self":[{"href":"https:\/\/infokom.de\/en\/wp-json\/wp\/v2\/pages\/2355","targetHints":{"allow":["GET"]}}],"collection":[{"href":"https:\/\/infokom.de\/en\/wp-json\/wp\/v2\/pages"}],"about":[{"href":"https:\/\/infokom.de\/en\/wp-json\/wp\/v2\/types\/page"}],"author":[{"embeddable":true,"href":"https:\/\/infokom.de\/en\/wp-json\/wp\/v2\/users\/1"}],"replies":[{"embeddable":true,"href":"https:\/\/infokom.de\/en\/wp-json\/wp\/v2\/comments?post=2355"}],"version-history":[{"count":13,"href":"https:\/\/infokom.de\/en\/wp-json\/wp\/v2\/pages\/2355\/revisions"}],"predecessor-version":[{"id":2369,"href":"https:\/\/infokom.de\/en\/wp-json\/wp\/v2\/pages\/2355\/revisions\/2369"}],"wp:attachment":[{"href":"https:\/\/infokom.de\/en\/wp-json\/wp\/v2\/media?parent=2355"}],"curies":[{"name":"wp","href":"https:\/\/api.w.org\/{rel}","templated":true}]}}