{"id":299,"date":"2025-10-24T10:52:56","date_gmt":"2025-10-24T08:52:56","guid":{"rendered":"https:\/\/wp25.infokom.de\/?page_id=299"},"modified":"2025-12-19T14:53:59","modified_gmt":"2025-12-19T13:53:59","slug":"services","status":"publish","type":"page","link":"https:\/\/infokom.de\/en\/services\/","title":{"rendered":"Services"},"content":{"rendered":"<div data-elementor-type=\"wp-page\" data-elementor-id=\"299\" class=\"elementor elementor-299\" data-elementor-post-type=\"page\">\n\t\t\t\t<div class=\"elementor-element elementor-element-f27e7bf e-con-full e-flex e-con e-child\" data-id=\"f27e7bf\" data-element_type=\"container\" data-e-type=\"container\" data-settings=\"{&quot;background_background&quot;:&quot;video&quot;,&quot;background_video_link&quot;:&quot;https:\\\/\\\/mobile-health.biz\\\/wp-content\\\/uploads\\\/2022\\\/10\\\/Karte-45956.mp4&quot;}\">\n\t\t<div class=\"elementor-background-video-container elementor-hidden-mobile\">\n\t\t\t\t\t\t\t<video class=\"elementor-background-video-hosted\" role=\"presentation\" autoplay muted playsinline loop><\/video>\n\t\t\t\t\t<\/div>\t\t<div class=\"elementor-element elementor-element-b8e2b88 elementor-widget elementor-widget-text-editor\" data-id=\"b8e2b88\" data-element_type=\"widget\" data-e-type=\"widget\" data-widget_type=\"text-editor.default\">\n\t\t\t\t<div class=\"elementor-widget-container\">\n\t\t\t\t\t\t\t\t\t<h2><strong>Digital solutions \u2013 <\/strong><strong>Safe, efficient, reliable.<\/strong><\/h2>\t\t\t\t\t\t\t\t<\/div>\n\t\t\t\t<\/div>\n\t\t\t\t<\/div>\n\t\t<div class=\"elementor-element elementor-element-7ad1173 e-grid e-con-full e-con e-parent\" data-id=\"7ad1173\" data-element_type=\"container\" data-e-type=\"container\" data-settings=\"{&quot;background_background&quot;:&quot;classic&quot;}\">\n\t\t<div class=\"elementor-element elementor-element-037f961 e-con-full e-flex e-con e-child\" data-id=\"037f961\" data-element_type=\"container\" data-e-type=\"container\">\n\t\t\t\t<div class=\"elementor-element elementor-element-e171366 elementor-widget elementor-widget-image\" data-id=\"e171366\" data-element_type=\"widget\" data-e-type=\"widget\" data-widget_type=\"image.default\">\n\t\t\t\t<div class=\"elementor-widget-container\">\n\t\t\t\t\t\t\t\t\t\t\t\t\t\t\t<img fetchpriority=\"high\" decoding=\"async\" width=\"800\" height=\"533\" src=\"https:\/\/infokom.de\/wp-content\/uploads\/2025\/11\/softwareentwicklung-1024x682.jpg\" class=\"attachment-large size-large wp-image-895\" alt=\"\" \/>\t\t\t\t\t\t\t\t\t\t\t\t\t\t\t<\/div>\n\t\t\t\t<\/div>\n\t\t\t\t<\/div>\n\t\t<div class=\"elementor-element elementor-element-b23a183 e-con-full e-flex e-con e-child\" data-id=\"b23a183\" data-element_type=\"container\" data-e-type=\"container\">\n\t\t\t\t<div class=\"elementor-element elementor-element-0225cb1 elementor-widget elementor-widget-text-editor\" data-id=\"0225cb1\" data-element_type=\"widget\" data-e-type=\"widget\" data-widget_type=\"text-editor.default\">\n\t\t\t\t<div class=\"elementor-widget-container\">\n\t\t\t\t\t\t\t\t\t<h2 class=\"wp-block-heading\">software development<\/h2><p>We develop customized IT and e-health solutions and support your projects from planning to successful implementation. In addition, we take care of the maintenance and continuous development of your software.<\/p><p>Thanks to our proprietary technology platform and proven expertise in the field of e-health, we bring reliable and future-proof software solutions to market.<\/p><p>Our multidisciplinary national and international research and development projects make us a sought-after partner in the IT and eHealth sector.<\/p>\t\t\t\t\t\t\t\t<\/div>\n\t\t\t\t<\/div>\n\t\t\t\t<\/div>\n\t\t\t\t<\/div>\n\t\t<div class=\"elementor-element elementor-element-0e0261b e-con-full e-flex e-con e-parent\" data-id=\"0e0261b\" data-element_type=\"container\" data-e-type=\"container\" data-settings=\"{&quot;background_background&quot;:&quot;classic&quot;}\">\n\t\t<div class=\"elementor-element elementor-element-e13d8c6 e-con-full e-flex e-con e-child\" data-id=\"e13d8c6\" data-element_type=\"container\" data-e-type=\"container\" data-settings=\"{&quot;background_background&quot;:&quot;classic&quot;}\">\n\t\t\t\t<div class=\"elementor-element elementor-element-4735fb2 elementor-widget elementor-widget-text-editor\" data-id=\"4735fb2\" data-element_type=\"widget\" data-e-type=\"widget\" data-widget_type=\"text-editor.default\">\n\t\t\t\t<div class=\"elementor-widget-container\">\n\t\t\t\t\t\t\t\t\t<h2>IT-Services<\/h2><p>As a full-service IT provider, we offer complete solutions for SMEs and public authorities, as well as for the medical sector.<\/p><p>From conception and design to implementation and hosting, consulting, support, and email services, all of our solutions are tailored to the individual needs of our customers.<\/p><p>IT and cybersecurity are a key part of our service offering.<\/p>\t\t\t\t\t\t\t\t<\/div>\n\t\t\t\t<\/div>\n\t\t\t\t<\/div>\n\t\t<div class=\"elementor-element elementor-element-0aaacbc e-con-full e-flex e-con e-child\" data-id=\"0aaacbc\" data-element_type=\"container\" data-e-type=\"container\">\n\t\t\t\t<div class=\"elementor-element elementor-element-d61cf9d elementor-widget elementor-widget-image\" data-id=\"d61cf9d\" data-element_type=\"widget\" data-e-type=\"widget\" data-widget_type=\"image.default\">\n\t\t\t\t<div class=\"elementor-widget-container\">\n\t\t\t\t\t\t\t\t\t\t\t\t\t\t\t<img decoding=\"async\" width=\"800\" height=\"422\" src=\"https:\/\/infokom.de\/wp-content\/uploads\/2025\/10\/web-3963945_1920-1024x540-1.jpg\" class=\"attachment-large size-large wp-image-308\" alt=\"\" srcset=\"https:\/\/infokom.de\/wp-content\/uploads\/2025\/10\/web-3963945_1920-1024x540-1.jpg 1024w, https:\/\/infokom.de\/wp-content\/uploads\/2025\/10\/web-3963945_1920-1024x540-1-300x158.jpg 300w, https:\/\/infokom.de\/wp-content\/uploads\/2025\/10\/web-3963945_1920-1024x540-1-768x405.jpg 768w\" sizes=\"(max-width: 800px) 100vw, 800px\" \/>\t\t\t\t\t\t\t\t\t\t\t\t\t\t\t<\/div>\n\t\t\t\t<\/div>\n\t\t\t\t<\/div>\n\t\t\t\t<\/div>\n\t\t<div class=\"elementor-element elementor-element-bc77476 e-con-full e-flex e-con e-parent\" data-id=\"bc77476\" data-element_type=\"container\" data-e-type=\"container\" data-settings=\"{&quot;background_background&quot;:&quot;classic&quot;}\">\n\t\t<div class=\"elementor-element elementor-element-27cb114 e-con-full e-flex e-con e-child\" data-id=\"27cb114\" data-element_type=\"container\" data-e-type=\"container\" data-settings=\"{&quot;background_background&quot;:&quot;classic&quot;}\">\n\t\t<div class=\"elementor-element elementor-element-8f65a29 e-con-full e-flex e-con e-child\" data-id=\"8f65a29\" data-element_type=\"container\" data-e-type=\"container\">\n\t\t<div class=\"elementor-element elementor-element-af23f00 e-con-full e-flex e-con e-child\" data-id=\"af23f00\" data-element_type=\"container\" data-e-type=\"container\">\n\t\t<div class=\"elementor-element elementor-element-58db44f e-grid e-con-full e-con e-child\" data-id=\"58db44f\" data-element_type=\"container\" data-e-type=\"container\" data-settings=\"{&quot;background_background&quot;:&quot;classic&quot;}\">\n\t\t<div class=\"elementor-element elementor-element-5bafb35 e-con-full e-flex e-con e-child\" data-id=\"5bafb35\" data-element_type=\"container\" data-e-type=\"container\" data-settings=\"{&quot;background_background&quot;:&quot;classic&quot;}\">\n\t\t\t\t<div class=\"elementor-element elementor-element-834a7b0 elementor-widget__width-initial elementor-widget elementor-widget-text-editor\" data-id=\"834a7b0\" data-element_type=\"widget\" data-e-type=\"widget\" data-widget_type=\"text-editor.default\">\n\t\t\t\t<div class=\"elementor-widget-container\">\n\t\t\t\t\t\t\t\t\t<h5>Medical support &amp; PVS<\/h5><p>On-site and remote maintenance of medical facilities. Support for practice management systems and connected medical programs, IT infrastructure, server installation, networks, maintenance, and backups.<\/p>\t\t\t\t\t\t\t\t<\/div>\n\t\t\t\t<\/div>\n\t\t\t\t<\/div>\n\t\t<div class=\"elementor-element elementor-element-9337989 e-con-full e-flex e-con e-child\" data-id=\"9337989\" data-element_type=\"container\" data-e-type=\"container\">\n\t\t\t\t<div class=\"elementor-element elementor-element-2fd84a7 elementor-widget__width-initial elementor-widget elementor-widget-text-editor\" data-id=\"2fd84a7\" data-element_type=\"widget\" data-e-type=\"widget\" data-widget_type=\"text-editor.default\">\n\t\t\t\t<div class=\"elementor-widget-container\">\n\t\t\t\t\t\t\t\t\t<h5>customer support<\/h5><p>Remote maintenance or on-site service for our business customers. Individual consultation and support tailored to your business area are essential to ensuring you receive the best quality.\u00a0<\/p><p><a href=\"https:\/\/infokom.de\/wp-content\/uploads\/2021\/04\/Fernwartung.exe\"><span style=\"color: #333399;\">Download Remote Maintenance<\/span><\/a><\/p>\t\t\t\t\t\t\t\t<\/div>\n\t\t\t\t<\/div>\n\t\t\t\t<\/div>\n\t\t<div class=\"elementor-element elementor-element-7d767d8 e-con-full e-flex e-con e-child\" data-id=\"7d767d8\" data-element_type=\"container\" data-e-type=\"container\">\n\t\t\t\t<div class=\"elementor-element elementor-element-2767ece elementor-widget__width-initial elementor-widget elementor-widget-text-editor\" data-id=\"2767ece\" data-element_type=\"widget\" data-e-type=\"widget\" data-widget_type=\"text-editor.default\">\n\t\t\t\t<div class=\"elementor-widget-container\">\n\t\t\t\t\t\t\t\t\t<h5>Websites &amp; Email<\/h5><p>A customized website for your company. Responsive designs for smartphones, tablets, and desktop PCs. Setup and maintenance of email accounts and domains.<\/p>\t\t\t\t\t\t\t\t<\/div>\n\t\t\t\t<\/div>\n\t\t\t\t<\/div>\n\t\t<div class=\"elementor-element elementor-element-f7deb5e e-con-full e-flex e-con e-child\" data-id=\"f7deb5e\" data-element_type=\"container\" data-e-type=\"container\">\n\t\t\t\t<div class=\"elementor-element elementor-element-5efde15 elementor-widget__width-initial elementor-widget elementor-widget-text-editor\" data-id=\"5efde15\" data-element_type=\"widget\" data-e-type=\"widget\" data-widget_type=\"text-editor.default\">\n\t\t\t\t<div class=\"elementor-widget-container\">\n\t\t\t\t\t\t\t\t\t<h5>Networks &amp; Servers<\/h5><p>Establishment and maintenance of network structures in medium-sized companies. This includes setting up and maintaining servers, workstations, and mobile devices, as well as connecting all relevant specialist programs and much more.<\/p>\t\t\t\t\t\t\t\t<\/div>\n\t\t\t\t<\/div>\n\t\t\t\t<\/div>\n\t\t\t\t<\/div>\n\t\t\t\t<\/div>\n\t\t\t\t<\/div>\n\t\t\t\t<\/div>\n\t\t\t\t<\/div>\n\t\t<div class=\"elementor-element elementor-element-9f53b4f e-grid e-con-full e-con e-parent\" data-id=\"9f53b4f\" data-element_type=\"container\" data-e-type=\"container\" data-settings=\"{&quot;background_background&quot;:&quot;classic&quot;}\">\n\t\t<div class=\"elementor-element elementor-element-d58ed3b e-con-full e-flex e-con e-child\" data-id=\"d58ed3b\" data-element_type=\"container\" data-e-type=\"container\">\n\t\t\t\t<div class=\"elementor-element elementor-element-d40db69 elementor-widget__width-initial elementor-widget elementor-widget-image\" data-id=\"d40db69\" data-element_type=\"widget\" data-e-type=\"widget\" data-widget_type=\"image.default\">\n\t\t\t\t<div class=\"elementor-widget-container\">\n\t\t\t\t\t\t\t\t\t\t\t\t\t\t\t<img decoding=\"async\" width=\"546\" height=\"683\" src=\"https:\/\/infokom.de\/wp-content\/uploads\/2025\/10\/software-developer-6521720_1920-1024x683-1-e1764686155168.jpg\" class=\"attachment-large size-large wp-image-317\" alt=\"\" srcset=\"https:\/\/infokom.de\/wp-content\/uploads\/2025\/10\/software-developer-6521720_1920-1024x683-1-e1764686155168.jpg 546w, https:\/\/infokom.de\/wp-content\/uploads\/2025\/10\/software-developer-6521720_1920-1024x683-1-e1764686155168-240x300.jpg 240w\" sizes=\"(max-width: 546px) 100vw, 546px\" \/>\t\t\t\t\t\t\t\t\t\t\t\t\t\t\t<\/div>\n\t\t\t\t<\/div>\n\t\t\t\t<\/div>\n\t\t\t\t<div class=\"elementor-element elementor-element-2e34e05 elementor-widget elementor-widget-text-editor\" data-id=\"2e34e05\" data-element_type=\"widget\" data-e-type=\"widget\" data-widget_type=\"text-editor.default\">\n\t\t\t\t<div class=\"elementor-widget-container\">\n\t\t\t\t\t\t\t\t\t<h2 class=\"wp-block-heading\">Data protection and IT security<\/h2><p><strong>data protection<\/strong><\/p><ul><li>Data protection consulting in accordance with the DSGVO<\/li><li>Certified external data protection officer<\/li><li>Data protection training courses<\/li><li>Whistleblower Protection Act<\/li><\/ul><p><strong>\u00a0<\/strong><\/p><p><strong>IT security<\/strong><\/p><ul><li>Risk analysis and consulting according to BSI 200-2<\/li><li>IT security packages (ISO 27001 ISMS, B3S, NIS 2.0)<\/li><li>penetration tests<\/li><li>Phishing simulation<\/li><li>web server monitoring<\/li><li>Information security in hospitals \u2013 industry-specific security standard (B3S)<\/li><li>IT security in medical practices \u2013 in accordance with Section 390 of the German Social Security Code (SGB V) IT security guidelines<\/li><\/ul><p><strong>\u00a0<\/strong><\/p><p><strong>IT-Consulting<\/strong><\/p><ul><li>Analysis, consulting, concept development<\/li><li><p>Cyber Risk Check according to DIN SPEC 27076 \u2013 <em>certified consultant<\/em><\/p><\/li><\/ul><ul><li><em>Interner Berater Informationssicherheitsmanagement &#8211;<\/em> ISMS nach ISO 27001 zertifiziert<\/li><li>ISMS audit according to ISO 27001 &amp; 27002: 2022\/2024<\/li><\/ul>\t\t\t\t\t\t\t\t<\/div>\n\t\t\t\t<\/div>\n\t\t\t\t<\/div>\n\t\t<div class=\"elementor-element elementor-element-221516b e-con-full e-flex e-con e-parent\" data-id=\"221516b\" data-element_type=\"container\" data-e-type=\"container\" data-settings=\"{&quot;background_background&quot;:&quot;classic&quot;}\">\n\t\t<div class=\"elementor-element elementor-element-e4cb362 e-con-full e-flex e-con e-child\" data-id=\"e4cb362\" data-element_type=\"container\" data-e-type=\"container\">\n\t\t\t\t<div class=\"elementor-element elementor-element-527aa41 elementor-widget elementor-widget-text-editor\" data-id=\"527aa41\" data-element_type=\"widget\" data-e-type=\"widget\" data-widget_type=\"text-editor.default\">\n\t\t\t\t<div class=\"elementor-widget-container\">\n\t\t\t\t\t\t\t\t\t<h2 class=\"wp-block-heading\">The MFH Technology Platform<\/h2><p class=\"translation-block\">MFH stands for <strong>M<\/strong>ulti- <strong>F<\/strong>unctional Platform for e-<strong>H<\/strong>ealth and forms the basis for our products and projects.<\/p><p>Durch ein modulares System kreieren wir ma\u00dfgeschneiderte sektor\u00fcbergreifende L\u00f6sungen, die Gesundheitsdienstleister, Patienten, Forschungseinrichtungen, u.a. miteinander vernetzten.<\/p><p>Further information can be found here.<\/p><p><a href=\"https:\/\/mfamily-health.de\/\">https:\/\/mfamily-health.de\/<\/a><\/p>\t\t\t\t\t\t\t\t<\/div>\n\t\t\t\t<\/div>\n\t\t\t\t<\/div>\n\t\t<div class=\"elementor-element elementor-element-439ad47 e-con-full e-flex e-con e-child\" data-id=\"439ad47\" data-element_type=\"container\" data-e-type=\"container\">\n\t\t\t\t<div class=\"elementor-element elementor-element-aa5f086 elementor-widget elementor-widget-image\" data-id=\"aa5f086\" data-element_type=\"widget\" data-e-type=\"widget\" data-widget_type=\"image.default\">\n\t\t\t\t<div class=\"elementor-widget-container\">\n\t\t\t\t\t\t\t\t\t\t\t\t\t\t\t<img loading=\"lazy\" decoding=\"async\" width=\"800\" height=\"660\" src=\"https:\/\/infokom.de\/wp-content\/uploads\/2025\/12\/technology-platform_V1_mFH-1-1024x845.png\" class=\"attachment-large size-large wp-image-1567\" alt=\"\" srcset=\"https:\/\/infokom.de\/wp-content\/uploads\/2025\/12\/technology-platform_V1_mFH-1-1024x845.png 1024w, https:\/\/infokom.de\/wp-content\/uploads\/2025\/12\/technology-platform_V1_mFH-1-300x247.png 300w, https:\/\/infokom.de\/wp-content\/uploads\/2025\/12\/technology-platform_V1_mFH-1-768x634.png 768w, https:\/\/infokom.de\/wp-content\/uploads\/2025\/12\/technology-platform_V1_mFH-1.png 1536w\" sizes=\"(max-width: 800px) 100vw, 800px\" \/>\t\t\t\t\t\t\t\t\t\t\t\t\t\t\t<\/div>\n\t\t\t\t<\/div>\n\t\t\t\t<\/div>\n\t\t\t\t<\/div>\n\t\t<div class=\"elementor-element elementor-element-cdcabcd e-con-full e-flex e-con e-parent\" data-id=\"cdcabcd\" data-element_type=\"container\" data-e-type=\"container\" data-settings=\"{&quot;background_background&quot;:&quot;classic&quot;}\">\n\t\t<div class=\"elementor-element elementor-element-80dc6b6 e-con-full e-flex e-con e-child\" data-id=\"80dc6b6\" data-element_type=\"container\" data-e-type=\"container\">\n\t\t<div class=\"elementor-element elementor-element-f11b797 e-con-full e-flex e-con e-child\" data-id=\"f11b797\" data-element_type=\"container\" data-e-type=\"container\">\n\t\t<div class=\"elementor-element elementor-element-5a8c825 e-grid e-con-full e-con e-child\" data-id=\"5a8c825\" data-element_type=\"container\" data-e-type=\"container\" data-settings=\"{&quot;background_background&quot;:&quot;classic&quot;}\">\n\t\t<div class=\"elementor-element elementor-element-f59162b e-con-full e-flex e-con e-child\" data-id=\"f59162b\" data-element_type=\"container\" data-e-type=\"container\" data-settings=\"{&quot;background_background&quot;:&quot;classic&quot;}\">\n\t\t\t\t<div class=\"elementor-element elementor-element-dbd8a07 elementor-widget elementor-widget-text-editor\" data-id=\"dbd8a07\" data-element_type=\"widget\" data-e-type=\"widget\" data-widget_type=\"text-editor.default\">\n\t\t\t\t<div class=\"elementor-widget-container\">\n\t\t\t\t\t\t\t\t\t<h5>data protection<\/h5><p>Secure exchange and processing of medical data in accordance with the requirements of the EU General Data Protection Regulation (DSGVO).<\/p>\t\t\t\t\t\t\t\t<\/div>\n\t\t\t\t<\/div>\n\t\t\t\t<\/div>\n\t\t<div class=\"elementor-element elementor-element-0003ec3 e-con-full e-flex e-con e-child\" data-id=\"0003ec3\" data-element_type=\"container\" data-e-type=\"container\">\n\t\t\t\t<div class=\"elementor-element elementor-element-4e4a6f8 elementor-widget elementor-widget-text-editor\" data-id=\"4e4a6f8\" data-element_type=\"widget\" data-e-type=\"widget\" data-widget_type=\"text-editor.default\">\n\t\t\t\t<div class=\"elementor-widget-container\">\n\t\t\t\t\t\t\t\t\t<h5>Modular design<\/h5><p>The system has a completely modular design, allowing for extensions and new modules to be implemented at any time.<\/p>\t\t\t\t\t\t\t\t<\/div>\n\t\t\t\t<\/div>\n\t\t\t\t<\/div>\n\t\t<div class=\"elementor-element elementor-element-2d5d4e6 e-con-full e-flex e-con e-child\" data-id=\"2d5d4e6\" data-element_type=\"container\" data-e-type=\"container\">\n\t\t\t\t<div class=\"elementor-element elementor-element-c2b8672 elementor-widget elementor-widget-text-editor\" data-id=\"c2b8672\" data-element_type=\"widget\" data-e-type=\"widget\" data-widget_type=\"text-editor.default\">\n\t\t\t\t<div class=\"elementor-widget-container\">\n\t\t\t\t\t\t\t\t\t<h5>interfaces<\/h5><p>Interfaces enable seamless docking with our customers' existing systems and technologies.<\/p>\t\t\t\t\t\t\t\t<\/div>\n\t\t\t\t<\/div>\n\t\t\t\t<\/div>\n\t\t<div class=\"elementor-element elementor-element-0c9a122 e-con-full e-flex e-con e-child\" data-id=\"0c9a122\" data-element_type=\"container\" data-e-type=\"container\">\n\t\t\t\t<div class=\"elementor-element elementor-element-a52e186 elementor-widget elementor-widget-text-editor\" data-id=\"a52e186\" data-element_type=\"widget\" data-e-type=\"widget\" data-widget_type=\"text-editor.default\">\n\t\t\t\t<div class=\"elementor-widget-container\">\n\t\t\t\t\t\t\t\t\t<h5>access control<\/h5><p>Only authorized users are granted access to the platform. Every access is logged.<\/p>\t\t\t\t\t\t\t\t<\/div>\n\t\t\t\t<\/div>\n\t\t\t\t<\/div>\n\t\t<div class=\"elementor-element elementor-element-e0461bc e-con-full e-flex e-con e-child\" data-id=\"e0461bc\" data-element_type=\"container\" data-e-type=\"container\">\n\t\t\t\t<div class=\"elementor-element elementor-element-676049a elementor-widget elementor-widget-text-editor\" data-id=\"676049a\" data-element_type=\"widget\" data-e-type=\"widget\" data-widget_type=\"text-editor.default\">\n\t\t\t\t<div class=\"elementor-widget-container\">\n\t\t\t\t\t\t\t\t\t<h5>Backup<\/h5><p>Regular, encrypted backups of data and the system offer a high level of protection in exceptional situations.<\/p>\t\t\t\t\t\t\t\t<\/div>\n\t\t\t\t<\/div>\n\t\t\t\t<\/div>\n\t\t<div class=\"elementor-element elementor-element-775935d e-con-full e-flex e-con e-child\" data-id=\"775935d\" data-element_type=\"container\" data-e-type=\"container\">\n\t\t\t\t<div class=\"elementor-element elementor-element-fc50f3b elementor-widget elementor-widget-text-editor\" data-id=\"fc50f3b\" data-element_type=\"widget\" data-e-type=\"widget\" data-widget_type=\"text-editor.default\">\n\t\t\t\t<div class=\"elementor-widget-container\">\n\t\t\t\t\t\t\t\t\t<h5>IT security<\/h5><p>All necessary technical and organizational measures for IT security have been implemented. The data center is ISO certified.<\/p>\t\t\t\t\t\t\t\t<\/div>\n\t\t\t\t<\/div>\n\t\t\t\t<\/div>\n\t\t\t\t<\/div>\n\t\t\t\t<\/div>\n\t\t\t\t<\/div>\n\t\t\t\t<\/div>\n\t\t<div class=\"elementor-element elementor-element-69c54f9 e-con-full e-flex e-con e-parent\" data-id=\"69c54f9\" data-element_type=\"container\" data-e-type=\"container\" data-settings=\"{&quot;background_background&quot;:&quot;classic&quot;}\">\n\t\t\t\t<\/div>\n\t\t<div class=\"elementor-element elementor-element-d6c7ea7 e-con-full e-flex e-con e-parent\" data-id=\"d6c7ea7\" data-element_type=\"container\" data-e-type=\"container\" data-settings=\"{&quot;background_background&quot;:&quot;classic&quot;}\">\n\t\t<div class=\"elementor-element elementor-element-5435c79 e-con-full e-flex e-con e-child\" data-id=\"5435c79\" data-element_type=\"container\" data-e-type=\"container\" data-settings=\"{&quot;background_background&quot;:&quot;classic&quot;}\">\n\t\t\t\t<div class=\"elementor-element elementor-element-1383816 elementor-widget elementor-widget-heading\" data-id=\"1383816\" data-element_type=\"widget\" data-e-type=\"widget\" data-widget_type=\"heading.default\">\n\t\t\t\t<div class=\"elementor-widget-container\">\n\t\t\t\t\t<h2 class=\"elementor-heading-title elementor-size-default\">Customers whose trust we are proud of<\/h2>\t\t\t\t<\/div>\n\t\t\t\t<\/div>\n\t\t\t\t<\/div>\n\t\t\t\t<\/div>\n\t\t<div class=\"elementor-element elementor-element-89771dd e-con-full e-flex e-con e-parent\" data-id=\"89771dd\" data-element_type=\"container\" data-e-type=\"container\" data-settings=\"{&quot;background_background&quot;:&quot;classic&quot;}\">\n\t\t<div class=\"elementor-element elementor-element-4159e55 e-con-full e-flex e-con e-child\" data-id=\"4159e55\" data-element_type=\"container\" data-e-type=\"container\" data-settings=\"{&quot;background_background&quot;:&quot;classic&quot;}\">\n\t\t\t\t<div class=\"elementor-element elementor-element-2c83c81 elementor-widget elementor-widget-gallery\" data-id=\"2c83c81\" data-element_type=\"widget\" data-e-type=\"widget\" data-settings=\"{&quot;gap&quot;:{&quot;unit&quot;:&quot;px&quot;,&quot;size&quot;:70,&quot;sizes&quot;:[]},&quot;columns&quot;:5,&quot;gallery_layout&quot;:&quot;masonry&quot;,&quot;columns_tablet&quot;:2,&quot;columns_mobile&quot;:1,&quot;gap_tablet&quot;:{&quot;unit&quot;:&quot;px&quot;,&quot;size&quot;:10,&quot;sizes&quot;:[]},&quot;gap_mobile&quot;:{&quot;unit&quot;:&quot;px&quot;,&quot;size&quot;:10,&quot;sizes&quot;:[]},&quot;overlay_background&quot;:&quot;yes&quot;,&quot;content_hover_animation&quot;:&quot;fade-in&quot;}\" data-widget_type=\"gallery.default\">\n\t\t\t\t<div class=\"elementor-widget-container\">\n\t\t\t\t\t\t\t<div class=\"elementor-gallery__container\">\n\t\t\t\t\t\t\t<div class=\"e-gallery-item elementor-gallery-item elementor-animated-content\">\n\t\t\t\t\t<div class=\"e-gallery-image elementor-gallery-item__image\" data-thumbnail=\"https:\/\/infokom.de\/wp-content\/uploads\/2025\/10\/UniversitaetsmedizinGreifswald-Logo.png\" data-width=\"384\" data-height=\"134\" aria-label=\"\" role=\"img\" ><\/div>\n\t\t\t\t\t\t\t\t\t\t\t<div class=\"elementor-gallery-item__overlay\"><\/div>\n\t\t\t\t\t\t\t\t\t\t\t\t\t\t<\/div>\n\t\t\t\t\t\t\t<div class=\"e-gallery-item elementor-gallery-item elementor-animated-content\">\n\t\t\t\t\t<div class=\"e-gallery-image elementor-gallery-item__image\" data-thumbnail=\"https:\/\/infokom.de\/wp-content\/uploads\/2025\/10\/Bild8.png\" data-width=\"223\" data-height=\"134\" aria-label=\"\" role=\"img\" ><\/div>\n\t\t\t\t\t\t\t\t\t\t\t<div class=\"elementor-gallery-item__overlay\"><\/div>\n\t\t\t\t\t\t\t\t\t\t\t\t\t\t<\/div>\n\t\t\t\t\t\t\t<div class=\"e-gallery-item elementor-gallery-item elementor-animated-content\">\n\t\t\t\t\t<div class=\"e-gallery-image elementor-gallery-item__image\" data-thumbnail=\"https:\/\/infokom.de\/wp-content\/uploads\/2025\/12\/ameos-logo.png\" data-width=\"276\" data-height=\"100\" aria-label=\"\" role=\"img\" ><\/div>\n\t\t\t\t\t\t\t\t\t\t\t<div class=\"elementor-gallery-item__overlay\"><\/div>\n\t\t\t\t\t\t\t\t\t\t\t\t\t\t<\/div>\n\t\t\t\t\t\t\t<div class=\"e-gallery-item elementor-gallery-item elementor-animated-content\">\n\t\t\t\t\t<div class=\"e-gallery-image elementor-gallery-item__image\" data-thumbnail=\"https:\/\/infokom.de\/wp-content\/uploads\/2025\/12\/Helios.png\" data-width=\"452\" data-height=\"111\" aria-label=\"\" role=\"img\" ><\/div>\n\t\t\t\t\t\t\t\t\t\t\t<div class=\"elementor-gallery-item__overlay\"><\/div>\n\t\t\t\t\t\t\t\t\t\t\t\t\t\t<\/div>\n\t\t\t\t\t\t\t<div class=\"e-gallery-item elementor-gallery-item elementor-animated-content\">\n\t\t\t\t\t<div class=\"e-gallery-image elementor-gallery-item__image\" data-thumbnail=\"https:\/\/infokom.de\/wp-content\/uploads\/2025\/12\/HaffNetLogo.jpg\" data-width=\"433\" data-height=\"145\" aria-label=\"\" role=\"img\" ><\/div>\n\t\t\t\t\t\t\t\t\t\t\t<div class=\"elementor-gallery-item__overlay\"><\/div>\n\t\t\t\t\t\t\t\t\t\t\t\t\t\t<\/div>\n\t\t\t\t\t<\/div>\n\t\t\t\t\t<\/div>\n\t\t\t\t<\/div>\n\t\t\t\t<\/div>\n\t\t\t\t<\/div>\n\t\t\t\t<\/div>","protected":false},"excerpt":{"rendered":"<p>Digitale L\u00f6sungen &#8211; sicher, effizient, zuverl\u00e4ssig. Softwareentwicklung Wir entwickeln ma\u00dfgeschneiderte IT- und E-Health-L\u00f6sungen und begleiten Ihre Projekte von der Planung bis zur erfolgreichen Umsetzung. Dar\u00fcber hinaus \u00fcbernehmen wir die Wartung und kontinuierliche Weiterentwicklung Ihrer Software. Dank unserer eigenen Technologieplattform und ausgewiesenen Expertise im Bereich E-Health, bringen wir zuverl\u00e4ssige und zukunftssichere Softwarel\u00f6sungen auf den Markt. Unsere [&hellip;]<\/p>\n","protected":false},"author":1,"featured_media":0,"parent":0,"menu_order":0,"comment_status":"closed","ping_status":"closed","template":"elementor_header_footer","meta":{"footnotes":""},"class_list":["post-299","page","type-page","status-publish","hentry"],"_links":{"self":[{"href":"https:\/\/infokom.de\/en\/wp-json\/wp\/v2\/pages\/299","targetHints":{"allow":["GET"]}}],"collection":[{"href":"https:\/\/infokom.de\/en\/wp-json\/wp\/v2\/pages"}],"about":[{"href":"https:\/\/infokom.de\/en\/wp-json\/wp\/v2\/types\/page"}],"author":[{"embeddable":true,"href":"https:\/\/infokom.de\/en\/wp-json\/wp\/v2\/users\/1"}],"replies":[{"embeddable":true,"href":"https:\/\/infokom.de\/en\/wp-json\/wp\/v2\/comments?post=299"}],"version-history":[{"count":220,"href":"https:\/\/infokom.de\/en\/wp-json\/wp\/v2\/pages\/299\/revisions"}],"predecessor-version":[{"id":3106,"href":"https:\/\/infokom.de\/en\/wp-json\/wp\/v2\/pages\/299\/revisions\/3106"}],"wp:attachment":[{"href":"https:\/\/infokom.de\/en\/wp-json\/wp\/v2\/media?parent=299"}],"curies":[{"name":"wp","href":"https:\/\/api.w.org\/{rel}","templated":true}]}}